{"id":5267,"date":"2017-11-05T06:36:40","date_gmt":"2017-11-05T08:36:40","guid":{"rendered":"http:\/\/www.notaphotographer.be\/?page_id=5267"},"modified":"2017-11-05T14:00:22","modified_gmt":"2017-11-05T16:00:22","slug":"darkness","status":"publish","type":"page","link":"https:\/\/www.notaphotographer.be\/fr\/darkness\/","title":{"rendered":"T\u00e9n\u00e8bres &#038; Lumi\u00e8res"},"content":{"rendered":"<div  class=\"one withsmallpadding ppb_header \" style=\"text-align:left;padding:30px 0 30px 0;\" >\n<div class=\"standard_wrapper\">\n<div class=\"page_content_wrapper\">\n<div class=\"inner\">\n<div style=\"margin:auto;width:100%\">\n<h1 style=\"text-align: center;\"><\/h1>\n<h1 style=\"text-align: center;\">Darkness<\/h1>\n<\/div>\n<\/div>\n<\/div>\n<\/div>\n<\/div>\n<div  class=\"one withsmallpadding ppb_header \" style=\"text-align:left;padding:30px 0 30px 0;\" >\n<div class=\"standard_wrapper\">\n<div class=\"page_content_wrapper\">\n<div class=\"inner\">\n<div style=\"margin:auto;width:100%\">\n<h1 style=\"text-align: center;\"><\/h1>\n<h1 style=\"text-align: center;\">Darkness<\/h1>\n<\/div>\n<\/div>\n<\/div>\n<\/div>\n<\/div>\n<div  class=\"one withsmallpadding ppb_header \" style=\"text-align:left;padding:30px 0 30px 0;\" >\n<div class=\"standard_wrapper\">\n<div class=\"page_content_wrapper\">\n<div class=\"inner\">\n<div style=\"margin:auto;width:100%\">\n<h1 style=\"text-align: center;\"><\/h1>\n<h1 style=\"text-align: center;\">Light<\/h1>\n<\/div>\n<\/div>\n<\/div>\n<\/div>\n<\/div>\n<div  class=\"one withsmallpadding ppb_header \" style=\"text-align:left;padding:30px 0 30px 0;\" >\n<div class=\"standard_wrapper\">\n<div class=\"page_content_wrapper\">\n<div class=\"inner\">\n<div style=\"margin:auto;width:100%\">\n<h1 style=\"text-align: center;\"><\/h1>\n<h1 style=\"text-align: center;\">Light<\/h1>\n<\/div>\n<\/div>\n<\/div>\n<\/div>\n<\/div>\n","protected":false},"excerpt":{"rendered":"","protected":false},"author":2,"featured_media":0,"parent":0,"menu_order":0,"comment_status":"closed","ping_status":"closed","template":"","meta":[],"_links":{"self":[{"href":"https:\/\/www.notaphotographer.be\/fr\/wp-json\/wp\/v2\/pages\/5267"}],"collection":[{"href":"https:\/\/www.notaphotographer.be\/fr\/wp-json\/wp\/v2\/pages"}],"about":[{"href":"https:\/\/www.notaphotographer.be\/fr\/wp-json\/wp\/v2\/types\/page"}],"author":[{"embeddable":true,"href":"https:\/\/www.notaphotographer.be\/fr\/wp-json\/wp\/v2\/users\/2"}],"replies":[{"embeddable":true,"href":"https:\/\/www.notaphotographer.be\/fr\/wp-json\/wp\/v2\/comments?post=5267"}],"version-history":[{"count":102,"href":"https:\/\/www.notaphotographer.be\/fr\/wp-json\/wp\/v2\/pages\/5267\/revisions"}],"predecessor-version":[{"id":5469,"href":"https:\/\/www.notaphotographer.be\/fr\/wp-json\/wp\/v2\/pages\/5267\/revisions\/5469"}],"wp:attachment":[{"href":"https:\/\/www.notaphotographer.be\/fr\/wp-json\/wp\/v2\/media?parent=5267"}],"curies":[{"name":"wp","href":"https:\/\/api.w.org\/{rel}","templated":true}]}}